{"id":1772,"date":"2024-07-25T08:52:36","date_gmt":"2024-07-25T08:52:36","guid":{"rendered":"https:\/\/zaynly.ae\/?page_id=1772"},"modified":"2024-10-10T15:44:22","modified_gmt":"2024-10-10T15:44:22","slug":"design-and-decor-services","status":"publish","type":"page","link":"https:\/\/zakharif-decore.com\/ar\/design-and-decor-services\/","title":{"rendered":"\u0627\u0644\u062e\u062f\u0645\u0627\u062a"},"content":{"rendered":"<div data-elementor-type=\"wp-page\" data-elementor-id=\"1772\" class=\"elementor elementor-1772\" data-elementor-post-type=\"page\">\n\t\t\t\t<div class=\"elementor-element elementor-element-b3d6a97 e-flex e-con-boxed e-con e-parent\" data-id=\"b3d6a97\" data-element_type=\"container\" data-e-type=\"container\">\n\t\t\t\t\t<div class=\"e-con-inner\">\n\t\t\t\t<div class=\"elementor-element elementor-element-d831c99 elementor-widget elementor-widget-woostify-slider\" data-id=\"d831c99\" data-element_type=\"widget\" data-e-type=\"widget\" data-widget_type=\"woostify-slider.default\">\n\t\t\t\t<div class=\"elementor-widget-container\">\n\t\t\t\t\t\t\t\t<div class=\"woostify-slider-widget tns\" id=\"woositfy-slider-6a01dba468e86\" data-tiny-slider='{\"items\":1,\"autoplay\":\"yes\",\"autoplayTimeout\":5000,\"autoplayHoverPause\":\"yes\",\"controls\":true,\"nav\":true,\"speed\":300,\"loop\":\"yes\"}'>\n\t\t\t\t\t\t\t\t\t<div class=\"woostify-slide tnsi elementor-repeater-item-372b6fa\" data-animate=\"fadeIn\">\n\t\t\t\t\t\t<div class=\"woostify-slide-inner\">\n\n\t\t\t\t\t\t\t<div class=\"woostify-slide-container\">\n\t\t\t\t\t\t\t\t<div class=\"woostify-slide-content\">\n\t\t\t\t\t\t\t\t\t\t\t\t\t\t\t\t\t\t\t<h2 class=\"woostify-slide-title\">\u062a\u062d\u0648\u064a\u0644 \u0627\u0644\u0645\u0633\u0627\u062d\u0627\u062a \u0625\u0644\u0649 \u0631\u0648\u0627\u0626\u0639<\/h2>\n\t\t\t\t\t\t\t\t\t\n\t\t\t\t\t\t\t\t\t\t\t\t\t\t\t\t\t\t<div class=\"woostify-slide-description\">\u062a\u0635\u0645\u064a\u0645 \u0632\u062e\u0627\u0631\u0641 <\/div>\n\t\t\t\t\t\t\t\t\t\n\t\t\t\t\t\t\t\t\t<div class=\"woostify-slide-button-wrapper\">\n\t\t\t\t\t\t\t\t\t\t\t\t\t\t\t\t\t\t\t\t\t<a class=\"woostify-slide-button\" href=\"http:\/\/zakharif-decore.com\/portfolio\/\">\u0627\u0633\u062a\u0643\u0634\u0641 \u0645\u062d\u0641\u0638\u062a\u0646\u0627<\/a>\n\t\t\t\t\t\t\t\t\t\t\n\t\t\t\t\t\t\t\t\t\t\t\t\t\t\t\t\t\t\t\t<a class=\"woostify-slide-button\" href=\"http:\/\/zakharif-decore.com\/contact\/\">\u0627\u062d\u0635\u0644 \u0639\u0644\u0649 \u0627\u0633\u062a\u0634\u0627\u0631\u0629 \u0645\u062c\u0627\u0646\u064a\u0629<\/a>\n\t\t\t\t\t\t\t\t\t\t\t\t\t\t\t\t\t\t\t<\/div>\n\t\t\t\t\t\t\t\t<\/div>\n\t\t\t\t\t\t\t<\/div>\n\t\t\t\t\t\t<\/div>\n\t\t\t\t\t<\/div>\n\t\t\t\t\t\t\t\t<\/div>\n\t\t\t\t\t\t<\/div>\n\t\t\t\t<\/div>\n\t\t\t\t\t<\/div>\n\t\t\t\t<\/div>\n\t\t\t\t<\/div>","protected":false},"excerpt":{"rendered":"<p>Transforming Spaces into Masterpieces Zakharif Design Explore Our Portfolio Get a Free Consultation<\/p>","protected":false},"author":2,"featured_media":0,"parent":0,"menu_order":0,"comment_status":"closed","ping_status":"closed","template":"","meta":{"footnotes":""},"class_list":["post-1772","page","type-page","status-publish","hentry"],"post-meta":{"_edit_lock":["1728575158:2"],"_edit_last":["2"],"_wp_page_template":["default"],"_elementor_edit_mode":["builder"],"_elementor_template_type":["wp-page"],"_elementor_version":["3.24.6"],"_elementor_pro_version":["3.23.1"],"_elementor_data":["[{\"id\":\"b3d6a97\",\"elType\":\"container\",\"settings\":[],\"elements\":[{\"id\":\"d831c99\",\"elType\":\"widget\",\"settings\":{\"slides\":[{\"title\":\"Transforming Spaces into Masterpieces\",\"description\":\"Zakharif Design \",\"btn1_text\":\"Explore Our Portfolio\",\"btn1_link\":{\"url\":\"http:\\\/\\\/zakharif-decore.com\\\/portfolio\\\/\",\"is_external\":\"\",\"nofollow\":\"\",\"custom_attributes\":\"\"},\"background_background\":\"classic\",\"_id\":\"372b6fa\",\"btn2_text\":\"Get a Free Consultation\",\"btn2_link\":{\"url\":\"http:\\\/\\\/zakharif-decore.com\\\/contact\\\/\",\"is_external\":\"\",\"nofollow\":\"\",\"custom_attributes\":\"\"},\"background_image\":{\"url\":\"https:\\\/\\\/zakharif-decore.com\\\/wp-content\\\/uploads\\\/2024\\\/07\\\/128be6d6-cea4-4249-afb6-c29493221d6a.jpg\",\"id\":1864,\"size\":\"\",\"alt\":\"design and d\\u00e9cor services\",\"source\":\"library\"}}],\"slider_height\":{\"unit\":\"px\",\"size\":800,\"sizes\":[]},\"slider_height_tablet\":{\"unit\":\"px\",\"size\":600,\"sizes\":[]},\"slider_height_mobile\":{\"unit\":\"px\",\"size\":400,\"sizes\":[]},\"horizontal_pos\":\"flex-end\",\"vertical_pos\":\"center\",\"text_align\":\"center\",\"title_typography_typography\":\"custom\",\"title_typography_font_family\":\"Poppins\",\"title_typography_font_size\":{\"unit\":\"px\",\"size\":24,\"sizes\":[]},\"description_typography_typography\":\"custom\",\"description_typography_font_size\":{\"unit\":\"px\",\"size\":70,\"sizes\":[]},\"description_typography_font_size_mobile\":{\"unit\":\"px\",\"size\":40,\"sizes\":[]},\"description_typography_text_transform\":\"uppercase\",\"description_typography_line_height_mobile\":{\"unit\":\"px\",\"size\":40,\"sizes\":[]}},\"elements\":[],\"widgetType\":\"woostify-slider\"}],\"isInner\":false}]"],"rank_math_news_sitemap_robots":["index"],"rank_math_robots":["a:1:{i:0;s:5:\"index\";}"],"_elementor_controls_usage":["a:2:{s:15:\"woostify-slider\";a:3:{s:5:\"count\";i:1;s:15:\"control_percent\";i:3;s:8:\"controls\";a:2:{s:7:\"content\";a:1:{s:14:\"slides_section\";a:1:{s:6:\"slides\";i:1;}}s:5:\"style\";a:3:{s:12:\"slider_style\";a:4:{s:13:\"slider_height\";i:1;s:14:\"horizontal_pos\";i:1;s:12:\"vertical_pos\";i:1;s:10:\"text_align\";i:1;}s:11:\"title_style\";a:3:{s:27:\"title_typography_typography\";i:1;s:28:\"title_typography_font_family\";i:1;s:26:\"title_typography_font_size\";i:1;}s:17:\"description_style\";a:3:{s:33:\"description_typography_typography\";i:1;s:32:\"description_typography_font_size\";i:1;s:37:\"description_typography_text_transform\";i:1;}}}}s:9:\"container\";a:3:{s:5:\"count\";i:1;s:15:\"control_percent\";i:0;s:8:\"controls\";a:0:{}}}"],"_yoast_wpseo_content_score":["90"],"_yoast_wpseo_inclusive_language_score":["90"],"_yoast_wpseo_estimated-reading-time-minutes":["1"],"site-container":["default"],"site-header-transparent":["default"],"site-page-header":["default"],"site-sidebar":["default"],"_yoast_wpseo_focuskw":["design and d\u00e9cor services"],"_yoast_wpseo_title":["design and d\u00e9cor services- %%sitename%%"],"_yoast_wpseo_metadesc":["discover our exceptional design and d\u00e9cor services, tailored to transform your space into a stunning reflection of your style. From concept.."],"_yoast_wpseo_linkdex":["44"],"_elementor_page_assets":["a:2:{s:6:\"styles\";a:1:{i:0;s:7:\"animate\";}s:7:\"scripts\";a:2:{i:0;s:25:\"woostify-elementor-widget\";i:1;s:18:\"elementor-frontend\";}}"],"_elementor_css":["a:6:{s:4:\"time\";i:1778410300;s:5:\"fonts\";a:1:{i:0;s:7:\"Poppins\";}s:5:\"icons\";a:0:{}s:20:\"dynamic_elements_ids\";a:0:{}s:6:\"status\";s:4:\"file\";i:0;s:0:\"\";}"],"_elementor_element_cache":["{\"timeout\":1778584630,\"value\":{\"content\":\"<div class=\\\"elementor-element elementor-element-b3d6a97 e-flex e-con-boxed e-con e-parent\\\" data-id=\\\"b3d6a97\\\" data-element_type=\\\"container\\\" data-e-type=\\\"container\\\">\\n\\t\\t\\t\\t\\t<div class=\\\"e-con-inner\\\">\\n\\t\\t[elementor-element k=\\\"62cb251ae30dcb04738f1cab8ece0b04\\\" data=\\\"eyJpZCI6ImQ4MzFjOTkiLCJlbFR5cGUiOiJ3aWRnZXQiLCJzZXR0aW5ncyI6eyJzbGlkZXMiOlt7InRpdGxlIjoiVHJhbnNmb3JtaW5nIFNwYWNlcyBpbnRvIE1hc3RlcnBpZWNlcyIsImRlc2NyaXB0aW9uIjoiWmFraGFyaWYgRGVzaWduICIsImJ0bjFfdGV4dCI6IkV4cGxvcmUgT3VyIFBvcnRmb2xpbyIsImJ0bjFfbGluayI6eyJ1cmwiOiJodHRwOlwvXC96YWtoYXJpZi1kZWNvcmUuY29tXC9wb3J0Zm9saW9cLyIsImlzX2V4dGVybmFsIjoiIiwibm9mb2xsb3ciOiIiLCJjdXN0b21fYXR0cmlidXRlcyI6IiJ9LCJiYWNrZ3JvdW5kX2JhY2tncm91bmQiOiJjbGFzc2ljIiwiX2lkIjoiMzcyYjZmYSIsImJ0bjJfdGV4dCI6IkdldCBhIEZyZWUgQ29uc3VsdGF0aW9uIiwiYnRuMl9saW5rIjp7InVybCI6Imh0dHA6XC9cL3pha2hhcmlmLWRlY29yZS5jb21cL2NvbnRhY3RcLyIsImlzX2V4dGVybmFsIjoiIiwibm9mb2xsb3ciOiIiLCJjdXN0b21fYXR0cmlidXRlcyI6IiJ9LCJiYWNrZ3JvdW5kX2ltYWdlIjp7InVybCI6Imh0dHBzOlwvXC96YWtoYXJpZi1kZWNvcmUuY29tXC93cC1jb250ZW50XC91cGxvYWRzXC8yMDI0XC8wN1wvMTI4YmU2ZDYtY2VhNC00MjQ5LWFmYjYtYzI5NDkzMjIxZDZhLmpwZyIsImlkIjoxODY0LCJzaXplIjoiIiwiYWx0IjoiZGVzaWduIGFuZCBkXHUwMGU5Y29yIHNlcnZpY2VzIiwic291cmNlIjoibGlicmFyeSJ9fV0sInNsaWRlcl9oZWlnaHQiOnsidW5pdCI6InB4Iiwic2l6ZSI6ODAwLCJzaXplcyI6W119LCJzbGlkZXJfaGVpZ2h0X3RhYmxldCI6eyJ1bml0IjoicHgiLCJzaXplIjo2MDAsInNpemVzIjpbXX0sInNsaWRlcl9oZWlnaHRfbW9iaWxlIjp7InVuaXQiOiJweCIsInNpemUiOjQwMCwic2l6ZXMiOltdfSwiaG9yaXpvbnRhbF9wb3MiOiJmbGV4LWVuZCIsInZlcnRpY2FsX3BvcyI6ImNlbnRlciIsInRleHRfYWxpZ24iOiJjZW50ZXIiLCJ0aXRsZV90eXBvZ3JhcGh5X3R5cG9ncmFwaHkiOiJjdXN0b20iLCJ0aXRsZV90eXBvZ3JhcGh5X2ZvbnRfZmFtaWx5IjoiUG9wcGlucyIsInRpdGxlX3R5cG9ncmFwaHlfZm9udF9zaXplIjp7InVuaXQiOiJweCIsInNpemUiOjI0LCJzaXplcyI6W119LCJkZXNjcmlwdGlvbl90eXBvZ3JhcGh5X3R5cG9ncmFwaHkiOiJjdXN0b20iLCJkZXNjcmlwdGlvbl90eXBvZ3JhcGh5X2ZvbnRfc2l6ZSI6eyJ1bml0IjoicHgiLCJzaXplIjo3MCwic2l6ZXMiOltdfSwiZGVzY3JpcHRpb25fdHlwb2dyYXBoeV9mb250X3NpemVfbW9iaWxlIjp7InVuaXQiOiJweCIsInNpemUiOjQwLCJzaXplcyI6W119LCJkZXNjcmlwdGlvbl90eXBvZ3JhcGh5X3RleHRfdHJhbnNmb3JtIjoidXBwZXJjYXNlIiwiZGVzY3JpcHRpb25fdHlwb2dyYXBoeV9saW5lX2hlaWdodF9tb2JpbGUiOnsidW5pdCI6InB4Iiwic2l6ZSI6NDAsInNpemVzIjpbXX19LCJlbGVtZW50cyI6W10sIndpZGdldFR5cGUiOiJ3b29zdGlmeS1zbGlkZXIifQ==\\\"]\\t\\t\\t<\\\/div>\\n\\t\\t\\t\\t<\\\/div>\\n\\t\\t\",\"scripts\":[],\"styles\":[]}}"]},"_links":{"self":[{"href":"https:\/\/zakharif-decore.com\/ar\/wp-json\/wp\/v2\/pages\/1772","targetHints":{"allow":["GET"]}}],"collection":[{"href":"https:\/\/zakharif-decore.com\/ar\/wp-json\/wp\/v2\/pages"}],"about":[{"href":"https:\/\/zakharif-decore.com\/ar\/wp-json\/wp\/v2\/types\/page"}],"author":[{"embeddable":true,"href":"https:\/\/zakharif-decore.com\/ar\/wp-json\/wp\/v2\/users\/2"}],"replies":[{"embeddable":true,"href":"https:\/\/zakharif-decore.com\/ar\/wp-json\/wp\/v2\/comments?post=1772"}],"version-history":[{"count":11,"href":"https:\/\/zakharif-decore.com\/ar\/wp-json\/wp\/v2\/pages\/1772\/revisions"}],"predecessor-version":[{"id":3890,"href":"https:\/\/zakharif-decore.com\/ar\/wp-json\/wp\/v2\/pages\/1772\/revisions\/3890"}],"wp:attachment":[{"href":"https:\/\/zakharif-decore.com\/ar\/wp-json\/wp\/v2\/media?parent=1772"}],"curies":[{"name":"wp","href":"https:\/\/api.w.org\/{rel}","templated":true}]}}